{"id":95,"date":"2018-08-24T20:32:12","date_gmt":"2018-08-24T20:32:12","guid":{"rendered":"http:\/\/home.kaninchenversteigerung.de\/?page_id=95"},"modified":"2023-10-03T21:41:27","modified_gmt":"2023-10-03T21:41:27","slug":"downloads","status":"publish","type":"page","link":"http:\/\/home.kaninchenversteigerung.de\/?page_id=95","title":{"rendered":"Downloads"},"content":{"rendered":"<h3><strong>Banner f\u00fcr Eure Homepage<\/strong><\/h3>\n<p>Klickt einfach mit der rechten Maustaste auf einen Banner und w\u00e4hlt im Men\u00fc &#8222;speichern unter&#8230;&#8220;, so dass Ihr ihn herunterladen k\u00f6nnt. Wollt Ihr ihn nur verlinken, dann w\u00e4hlt &#8222;Bild in neuem Tab \u00f6ffnen und kopiert die Adresse des Bildes in Eure Website.<\/p>\n<p><strong>Banner Nr. 1<\/strong> (hohe Aufl\u00f6sung 1598 x 423 Pixel)<\/p>\n<p><img decoding=\"async\" loading=\"lazy\" class=\"size-large wp-image-162 alignnone\" src=\"http:\/\/home.kaninchenversteigerung.de\/wp-content\/uploads\/2018\/08\/banner_kaninchenauktion-1598-1024x271.jpg\" alt=\"\" width=\"780\" height=\"206\" srcset=\"http:\/\/home.kaninchenversteigerung.de\/wp-content\/uploads\/2018\/08\/banner_kaninchenauktion-1598-1024x271.jpg 1024w, http:\/\/home.kaninchenversteigerung.de\/wp-content\/uploads\/2018\/08\/banner_kaninchenauktion-1598-300x79.jpg 300w, http:\/\/home.kaninchenversteigerung.de\/wp-content\/uploads\/2018\/08\/banner_kaninchenauktion-1598-768x203.jpg 768w, http:\/\/home.kaninchenversteigerung.de\/wp-content\/uploads\/2018\/08\/banner_kaninchenauktion-1598.jpg 1598w\" sizes=\"(max-width: 780px) 100vw, 780px\" \/><\/p>\n<p><strong>Banner Nr.2<\/strong> (mittlere Aufl\u00f6sung 468 x 117 Pixel)<\/p>\n<p><img decoding=\"async\" loading=\"lazy\" class=\"size-full wp-image-164 alignnone\" src=\"http:\/\/home.kaninchenversteigerung.de\/wp-content\/uploads\/2018\/08\/banner_web_standard-1.jpg\" alt=\"\" width=\"468\" height=\"117\" srcset=\"http:\/\/home.kaninchenversteigerung.de\/wp-content\/uploads\/2018\/08\/banner_web_standard-1.jpg 468w, http:\/\/home.kaninchenversteigerung.de\/wp-content\/uploads\/2018\/08\/banner_web_standard-1-300x75.jpg 300w\" sizes=\"(max-width: 468px) 100vw, 468px\" \/><\/p>\n<p><strong>Banner Nr.3 <\/strong>(Minibanner in geringer Aufl\u00f6sung v. 300 x 80 Pixel)<\/p>\n<p><img decoding=\"async\" loading=\"lazy\" class=\"alignleft size-medium wp-image-166\" src=\"http:\/\/home.kaninchenversteigerung.de\/wp-content\/uploads\/2018\/08\/web_banner_mini-300x80.jpg\" alt=\"\" width=\"300\" height=\"80\" \/><\/p>\n","protected":false},"excerpt":{"rendered":"<p>Banner f\u00fcr Eure Homepage Klickt einfach mit der rechten Maustaste auf einen Banner und w\u00e4hlt im Men\u00fc &#8222;speichern unter&#8230;&#8220;, so dass Ihr ihn herunterladen k\u00f6nnt. Wollt Ihr ihn nur verlinken, dann w\u00e4hlt &#8222;Bild in neuem Tab \u00f6ffnen und kopiert die Adresse des Bildes in Eure Website. Banner Nr. 1 (hohe Aufl\u00f6sung 1598 x 423 Pixel) <a class=\"more-link\" href=\"http:\/\/home.kaninchenversteigerung.de\/?page_id=95\">weiterlesen&#8230;<\/a><\/p>\n","protected":false},"author":1,"featured_media":0,"parent":0,"menu_order":0,"comment_status":"closed","ping_status":"closed","template":"","meta":{"footnotes":""},"_links":{"self":[{"href":"http:\/\/home.kaninchenversteigerung.de\/index.php?rest_route=\/wp\/v2\/pages\/95"}],"collection":[{"href":"http:\/\/home.kaninchenversteigerung.de\/index.php?rest_route=\/wp\/v2\/pages"}],"about":[{"href":"http:\/\/home.kaninchenversteigerung.de\/index.php?rest_route=\/wp\/v2\/types\/page"}],"author":[{"embeddable":true,"href":"http:\/\/home.kaninchenversteigerung.de\/index.php?rest_route=\/wp\/v2\/users\/1"}],"replies":[{"embeddable":true,"href":"http:\/\/home.kaninchenversteigerung.de\/index.php?rest_route=%2Fwp%2Fv2%2Fcomments&post=95"}],"version-history":[{"count":14,"href":"http:\/\/home.kaninchenversteigerung.de\/index.php?rest_route=\/wp\/v2\/pages\/95\/revisions"}],"predecessor-version":[{"id":317,"href":"http:\/\/home.kaninchenversteigerung.de\/index.php?rest_route=\/wp\/v2\/pages\/95\/revisions\/317"}],"wp:attachment":[{"href":"http:\/\/home.kaninchenversteigerung.de\/index.php?rest_route=%2Fwp%2Fv2%2Fmedia&parent=95"}],"curies":[{"name":"wp","href":"https:\/\/api.w.org\/{rel}","templated":true}]}}