{"id":91,"date":"2018-08-23T19:37:21","date_gmt":"2018-08-23T19:37:21","guid":{"rendered":"http:\/\/home.kaninchenversteigerung.de\/?page_id=91"},"modified":"2023-10-03T21:44:39","modified_gmt":"2023-10-03T21:44:39","slug":"faq","status":"publish","type":"page","link":"http:\/\/home.kaninchenversteigerung.de\/?page_id=91","title":{"rendered":"FAQ- H\u00e4ufig gestellte Fragen"},"content":{"rendered":"<p>An dieser Stelle m\u00f6chten wir alle wichtigen Fragen beantworten, die h\u00e4ufig gestellt werden. Wir bitten Euch, bevor Ihr uns eine Anfrage sendet, erst zu schauen, ob Eure Frage hier nicht schon beantwortet wurde.<\/p>\n<p><strong>Wann beginnt die offizielle Auktion?<\/strong><\/p>\n<p>Die offizielle Auktion 2023 beginnt am 01.11.2023. Erst dann k\u00f6nnt Ihr offiziell auf Kaninchen und Zubeh\u00f6r bieten oder Eure Kaninchen zur Versteigerung anbieten. Voranmeldungen nehmen wir gerne per E-Mail entgegen.<\/p>\n<p><strong>Bis wann muss ich mein Gebot abgeben?<\/strong><\/p>\n<p>Eure Gebote k\u00f6nnt Ihr von Beginn an abgeben. Diese Auktion dient einem guten Zweck, darum ist es sinnvoll, nicht erst am Ende einer Auktion zu bieten, sondern auch schon vorher Gebote abzugeben.<\/p>\n<p><strong>Bekomme ich Geld f\u00fcr meine Tiere?<\/strong><\/p>\n<p>Nein, in diesem Jahr geht der komplette Gewinn an das Kinderhospiz &#8222;B\u00e4renherz Leipzig e.V.&#8220;<\/p>\n<p><strong>Wie erfolgt die \u00dcbergabe der Tiere?<\/strong><\/p>\n<p>Die \u00dcbergabe der Tiere an ihre neuen Besitzer erfolgt entweder auf der Bundeskaninchenschau am 16. und 17.12.2023 in Leipzig oder direkt von Z\u00fcchter zu Z\u00fcchter nach Vorlage der Email, die nach einer gewonnen Auktion versendet wird. K\u00e4fige f\u00fcr die Auktionstiere stehen auf der Bundesschau bereit.<\/p>\n<p><strong>Ich brauche Hilfe beim Einstellen der Tiere zur Versteigerung<\/strong><\/p>\n<p>Bitte sendet uns eine Email mit den Daten und einem aussagekr\u00e4ftigen Foto, im Notfall \u00fcbernehmen wir das Einstellen f\u00fcr Euch.<\/p>\n<p><strong>Mein Bekannter m\u00f6chte ein Tier spenden, hat aber kein Internet, wie gehen wir vor?<\/strong><\/p>\n<p>Auch in diesem Fall k\u00f6nnt Ihr uns eine Email mit den Eckdaten zu den Tieren senden und ggf. auch ein paar Fotos, denn Bilder sagen oft mehr als 1000 Worte.<\/p>\n<p><strong>Ich habe keine Tiere, die ich versteigern m\u00f6chte, aber ich will helfen, was kann ich tun?<\/strong><\/p>\n<p>F\u00fcr solche F\u00e4lle haben wir ein Spendenkonto eingerichtet. Gerne nehmen wir auch Geldspenden entgegen!<\/p>\n<p>Wenn Ihr Geld spenden m\u00f6chtet, lasst es uns doch bitte durch eine kurze Email wissen.<\/p>\n<p>Spezielle Fragen k\u00f6nnen per eMail an folgende Adresse gesendet werden:<\/p>\n<p>kontakt(at)kaninchenversteigerung.de<\/p>\n","protected":false},"excerpt":{"rendered":"<p>An dieser Stelle m\u00f6chten wir alle wichtigen Fragen beantworten, die h\u00e4ufig gestellt werden. Wir bitten Euch, bevor Ihr uns eine Anfrage sendet, erst zu schauen, ob Eure Frage hier nicht schon beantwortet wurde. Wann beginnt die offizielle Auktion? Die offizielle Auktion 2023 beginnt am 01.11.2023. Erst dann k\u00f6nnt Ihr offiziell auf Kaninchen und Zubeh\u00f6r bieten <a class=\"more-link\" href=\"http:\/\/home.kaninchenversteigerung.de\/?page_id=91\">weiterlesen&#8230;<\/a><\/p>\n","protected":false},"author":1,"featured_media":113,"parent":0,"menu_order":0,"comment_status":"closed","ping_status":"closed","template":"","meta":{"footnotes":""},"_links":{"self":[{"href":"http:\/\/home.kaninchenversteigerung.de\/index.php?rest_route=\/wp\/v2\/pages\/91"}],"collection":[{"href":"http:\/\/home.kaninchenversteigerung.de\/index.php?rest_route=\/wp\/v2\/pages"}],"about":[{"href":"http:\/\/home.kaninchenversteigerung.de\/index.php?rest_route=\/wp\/v2\/types\/page"}],"author":[{"embeddable":true,"href":"http:\/\/home.kaninchenversteigerung.de\/index.php?rest_route=\/wp\/v2\/users\/1"}],"replies":[{"embeddable":true,"href":"http:\/\/home.kaninchenversteigerung.de\/index.php?rest_route=%2Fwp%2Fv2%2Fcomments&post=91"}],"version-history":[{"count":7,"href":"http:\/\/home.kaninchenversteigerung.de\/index.php?rest_route=\/wp\/v2\/pages\/91\/revisions"}],"predecessor-version":[{"id":319,"href":"http:\/\/home.kaninchenversteigerung.de\/index.php?rest_route=\/wp\/v2\/pages\/91\/revisions\/319"}],"wp:featuredmedia":[{"embeddable":true,"href":"http:\/\/home.kaninchenversteigerung.de\/index.php?rest_route=\/wp\/v2\/media\/113"}],"wp:attachment":[{"href":"http:\/\/home.kaninchenversteigerung.de\/index.php?rest_route=%2Fwp%2Fv2%2Fmedia&parent=91"}],"curies":[{"name":"wp","href":"https:\/\/api.w.org\/{rel}","templated":true}]}}