{"id":47,"date":"2018-08-20T15:57:00","date_gmt":"2018-08-20T15:57:00","guid":{"rendered":"http:\/\/home.kaninchenversteigerung.de\/?page_id=47"},"modified":"2023-10-03T21:40:08","modified_gmt":"2023-10-03T21:40:08","slug":"aktuelles","status":"publish","type":"page","link":"http:\/\/home.kaninchenversteigerung.de\/?page_id=47","title":{"rendered":"Aktuelles"},"content":{"rendered":"<p>Auf dieser Seite erfahren Sie immer die aktuellen Neuigkeiten zu unserer Kaninchenauktion. Die diesj\u00e4hrige Kaninchenversteigerung findet ab dem 01.11.2023 auf unserer <a href=\"http:\/\/Auf dieser Seite erfahren Sie immer die aktuellen Neuigkeiten zu unserer Kaninchenauktion. Die diesj\u00e4hrige Kaninchenversteigerung findet ab dem 1.10.2021 auf unserer Auktionsplattform im Internet statt. Unterst\u00fctzen m\u00f6chten wir dieses Mal Opfer der Flutkatastrophe. \u2022\tAn erster Stelle m\u00f6chten wir Z\u00fcchter unterst\u00fctzen die durch die Flut Haus, Hof, St\u00e4lle und Tiere verloren haben. \u2022\tSollte die Gelder nicht oder nicht in ganzer H\u00f6he von Zuchtfreunden ben\u00f6tigt werden, w\u00fcrden die Spenden an \u201eNachbarn in Not\u201c in Ahrweiler gespendet werden 20 % der Erl\u00f6se gehen in diesem Jahr an \u201edie Flutopfer\u201c, 80% der Erl\u00f6se gehen an die jeweiligen Z\u00fcchter, die ein Tier zur Versteigerung anbieten. Jedem Zuchtfreund ist es \u00fcberlassen auch in diesem Jahr einen h\u00f6heren Prozentsatz f\u00fcr den guten Zweck zu spenden.  Wir w\u00fcrden uns sehr freuen, wenn wir wieder viele Mitstreiter finden w\u00fcrden, die bereit sind, die Flutopfer zu unterst\u00fctzen.\" data-wplink-url-error=\"true\">Auktionsplattform<\/a> im Internet statt. Unterst\u00fctzen m\u00f6chten wir dieses Mal das Kinderhospiz &#8222;B\u00e4renherz Leipzig e.V.&#8220;<\/p>\n<p><a href=\"http:\/\/home.kaninchenversteigerung.de\/?p=311\">Weiterlesen<\/a><\/p>\n<p>\u00a0<\/p>\n\n\n<p><\/p>\n","protected":false},"excerpt":{"rendered":"<p>Auf dieser Seite erfahren Sie immer die aktuellen Neuigkeiten zu unserer Kaninchenauktion. Die diesj\u00e4hrige Kaninchenversteigerung findet ab dem 01.11.2023 auf unserer Auktionsplattform im Internet statt. Unterst\u00fctzen m\u00f6chten wir dieses Mal das Kinderhospiz &#8222;B\u00e4renherz Leipzig e.V.&#8220; Weiterlesen \u00a0<\/p>\n","protected":false},"author":1,"featured_media":69,"parent":0,"menu_order":0,"comment_status":"closed","ping_status":"closed","template":"","meta":{"footnotes":""},"_links":{"self":[{"href":"http:\/\/home.kaninchenversteigerung.de\/index.php?rest_route=\/wp\/v2\/pages\/47"}],"collection":[{"href":"http:\/\/home.kaninchenversteigerung.de\/index.php?rest_route=\/wp\/v2\/pages"}],"about":[{"href":"http:\/\/home.kaninchenversteigerung.de\/index.php?rest_route=\/wp\/v2\/types\/page"}],"author":[{"embeddable":true,"href":"http:\/\/home.kaninchenversteigerung.de\/index.php?rest_route=\/wp\/v2\/users\/1"}],"replies":[{"embeddable":true,"href":"http:\/\/home.kaninchenversteigerung.de\/index.php?rest_route=%2Fwp%2Fv2%2Fcomments&post=47"}],"version-history":[{"count":11,"href":"http:\/\/home.kaninchenversteigerung.de\/index.php?rest_route=\/wp\/v2\/pages\/47\/revisions"}],"predecessor-version":[{"id":315,"href":"http:\/\/home.kaninchenversteigerung.de\/index.php?rest_route=\/wp\/v2\/pages\/47\/revisions\/315"}],"wp:featuredmedia":[{"embeddable":true,"href":"http:\/\/home.kaninchenversteigerung.de\/index.php?rest_route=\/wp\/v2\/media\/69"}],"wp:attachment":[{"href":"http:\/\/home.kaninchenversteigerung.de\/index.php?rest_route=%2Fwp%2Fv2%2Fmedia&parent=47"}],"curies":[{"name":"wp","href":"https:\/\/api.w.org\/{rel}","templated":true}]}}