{"id":36,"date":"2018-08-11T20:40:36","date_gmt":"2018-08-11T20:40:36","guid":{"rendered":"http:\/\/home.kaninchenversteigerung.de\/?page_id=36"},"modified":"2018-08-25T16:14:32","modified_gmt":"2018-08-25T16:14:32","slug":"rueckblicke","status":"publish","type":"page","link":"http:\/\/home.kaninchenversteigerung.de\/?page_id=36","title":{"rendered":"R\u00fcckblicke"},"content":{"rendered":"<p>Im Jahr 2011 startete das Projekt &#8222;Kaninchenauktion &#8211; Kaninchenz\u00fcchter spenden f\u00fcr schwer kranke Kinder&#8220;. Seit dem wurde in jedem Jahr, im Rahmen zu jeder Bundeskaninchen-, bzw. Bundesrammlerschau eine Auktion durchgef\u00fchrt.<\/p>\n<h2>Auktion 2011\u00a0<span class=\"text\"><br \/>\n<\/span><\/h2>\n<p>Die erste Kaninchenauktion fand im Jahr 2011 statt. Eine stolze Summe von 2900 Euro konnte gleich an zwei Organisationen \u00fcbergeben werden. Zum einen an die Deutsche Kinderkrebshilfe mit 1450 Euro und zum anderen an die Stiftung Kinderhospiz Mitteldeutschland Nordhausen e.V..<\/p>\n<h2>Auktion 2012<\/h2>\n<p>Die 2. Auktion, die im Rahmen der Bundesrammlerschau 2012 statt gefunden hatte, \u00fcbertrumpfte den Erfolg von 2011 noch einmal um \u00fcber 1000 Euro. Insgesamt kam mit Hilfe von zahlreichen G\u00f6nnern eine Gesamtsumme von 4500 \u20ac zusammen, die auf der Bundesrammlerschau in Oldenburg an die Elterninitiative krebskranker Kinder Oldenburg e.V. \u00fcberreicht werden konnte.<\/p>\n<h2>Auktion 2013<\/h2>\n<p>Auch im Jahr 2013 fand im Rahmen der Bundeskaninchenschau in Karlsruhe wieder eine Kaninchenauktion statt. \u00dcberschattet wurde die Auktion leider durch einen Angriff auf die Auktionsplattform, was sie leider nur schleppend anlaufen lies. Dennoch wurde auch diese Auktion, Dank des Engagements des Teams und der vielen Tierspenden ein voller Erfolg. Ein Betrag von 4300 Euro konnte so an den Kinderhospizdienst Karlsruhe \u00fcberreicht werden.<\/p>\n<h2>Auktion 2014<\/h2>\n<p>Zur Bundesrammlerschau in Ulm fand auch im Jahr 2014\/2015 eine Kaninchenversteigerung statt. Mit dieser Auktion haben wir alle vorangegangenen Auktionen \u00fcbertrumpfen. Kai Sander \u00fcberreichte auf der Bundesrammlerschau stellvertretend f\u00fcr die gesamten Organisatoren Kaninchenauktion, einen Scheck \u00fcber 5000,00 \u20ac an die \u201cB\u00fcrgerstiftung Ulm\u201d und den Club \u201cK\u00f6rperbehinderte und ihre Freunde\u201d. Es wurde eine Summe von 4611,26 \u20ac erwirtschaftet, die vom ZDRK anschlie\u00dfend aufgerundet wurde.<\/p>\n<h2>R\u00fcckblick 2015<\/h2>\n<p>Zur Bundeskaninchenschau, die im Dezember 2015 in Kassel stattfand, f\u00fchrten wir die mittlerweile 5. Kaninchen-Auktion durch. Insgesamt wurden bei der Versteigerung und durch Spenden 2673,75\u20ac gesammelt. Dank dem ZDRK wurde dieser Betrag auf 3000\u20ac aufgerundet. Hinzu kommt noch eine Spende von Michael Roth MdB \u00fcber 50\u20ac. Da auch bei der Versteigerung auf der Bundesschau ebenfalls 3000\u20ac gesammelt wurden, ist das Geld in voller H\u00f6he unserer Versteigerung an die Elternhilfe f\u00fcr das krebskranke Kind G\u00f6ttingen e.V. \u00fcberwiesen worden.<\/p>\n","protected":false},"excerpt":{"rendered":"<p>Im Jahr 2011 startete das Projekt &#8222;Kaninchenauktion &#8211; Kaninchenz\u00fcchter spenden f\u00fcr schwer kranke Kinder&#8220;. Seit dem wurde in jedem Jahr, im Rahmen zu jeder Bundeskaninchen-, bzw. Bundesrammlerschau eine Auktion durchgef\u00fchrt. Auktion 2011\u00a0 Die erste Kaninchenauktion fand im Jahr 2011 statt. Eine stolze Summe von 2900 Euro konnte gleich an zwei Organisationen \u00fcbergeben werden. Zum einen <a class=\"more-link\" href=\"http:\/\/home.kaninchenversteigerung.de\/?page_id=36\">weiterlesen&#8230;<\/a><\/p>\n","protected":false},"author":1,"featured_media":173,"parent":26,"menu_order":0,"comment_status":"closed","ping_status":"closed","template":"","meta":{"footnotes":""},"_links":{"self":[{"href":"http:\/\/home.kaninchenversteigerung.de\/index.php?rest_route=\/wp\/v2\/pages\/36"}],"collection":[{"href":"http:\/\/home.kaninchenversteigerung.de\/index.php?rest_route=\/wp\/v2\/pages"}],"about":[{"href":"http:\/\/home.kaninchenversteigerung.de\/index.php?rest_route=\/wp\/v2\/types\/page"}],"author":[{"embeddable":true,"href":"http:\/\/home.kaninchenversteigerung.de\/index.php?rest_route=\/wp\/v2\/users\/1"}],"replies":[{"embeddable":true,"href":"http:\/\/home.kaninchenversteigerung.de\/index.php?rest_route=%2Fwp%2Fv2%2Fcomments&post=36"}],"version-history":[{"count":4,"href":"http:\/\/home.kaninchenversteigerung.de\/index.php?rest_route=\/wp\/v2\/pages\/36\/revisions"}],"predecessor-version":[{"id":40,"href":"http:\/\/home.kaninchenversteigerung.de\/index.php?rest_route=\/wp\/v2\/pages\/36\/revisions\/40"}],"up":[{"embeddable":true,"href":"http:\/\/home.kaninchenversteigerung.de\/index.php?rest_route=\/wp\/v2\/pages\/26"}],"wp:featuredmedia":[{"embeddable":true,"href":"http:\/\/home.kaninchenversteigerung.de\/index.php?rest_route=\/wp\/v2\/media\/173"}],"wp:attachment":[{"href":"http:\/\/home.kaninchenversteigerung.de\/index.php?rest_route=%2Fwp%2Fv2%2Fmedia&parent=36"}],"curies":[{"name":"wp","href":"https:\/\/api.w.org\/{rel}","templated":true}]}}