{"id":31,"date":"2018-08-11T20:34:47","date_gmt":"2018-08-11T20:34:47","guid":{"rendered":"http:\/\/home.kaninchenversteigerung.de\/?page_id=31"},"modified":"2018-08-25T16:09:26","modified_gmt":"2018-08-25T16:09:26","slug":"geschichte","status":"publish","type":"page","link":"http:\/\/home.kaninchenversteigerung.de\/?page_id=31","title":{"rendered":"Geschichte"},"content":{"rendered":"<p>Im Jahr 2011 startete das Projekt &#8222;Kaninchenauktion &#8211; Kaninchenz\u00fcchter spenden f\u00fcr schwer kranke Kinder&#8220;.Die Idee eine Auktion im Rahmen einer Gro\u00dfschau zu veranstalten, hatte der Z\u00fcchter Bernhard Gluttig.<\/p>\n<p>Bernhard Glutting\u00a0 war derzeit frischgebackener Vater eines gesunden Sohnes geworden. Da er wusste, dass dies nicht selbstverst\u00e4ndlich war, \u00fcberlegte er sich, was er Gutes tun kann. So bot er dem Ausstellungsleiter der Bundesschau\u00a02011, Uwe Becher an, seinen Bundessieger von 2009 zu Gunsten krebskranker Kinder f\u00fcr eine Versteigerung zu spenden. \u00a0 Nach kurzer \u00dcberlegung sprach Uwe Becher die Kaninchen-Fachportale an, ob es technisch m\u00f6glich ist eine Versteigerung zu organisieren.<\/p>\n<p>Das Rassekaninchenzuchtforum nahm sich seiner an und bot ihm an, eine Versteigerungsplattform zur Verf\u00fcgung zu stellen. Flei\u00dfige Helfer waren schnell gefunden und auch die ersten Tiere wurden f\u00fcr die Auktion angemeldet, so dass am Ende eine Summe von 3900 \u20ac bei der 1. Versteigerung im Jahr 2011 zusammen kamen.<\/p>\n<p>Bei der 1. Kaninchenaukton 2011 wurden gleich zwei Organisationen unterst\u00fctzt, zum einen die Deutsche Kinderkrebshilfe mit 1450 Euro und zum anderen an die Stiftung &#8222;Kinderhospiz Mitteldeutschland Nordhausen e.V.&#8220;.<\/p>\n<p>Der symbolische Scheck wurde w\u00e4hrend der Er\u00f6ffnungsfeier der Bundeskaninchenschau in Erfurt, feierlich an die Spendenempf\u00e4nger \u00fcberreicht.\u00a0Auch nach der Auktion riss die Begeisterung \u00fcber unser Projekt nicht ab, so dass von 2011 an bisher jedes Jahr eine Kaninchenauktion durchgef\u00fchrt wurde.<\/p>\n<div id=\"attachment_32\" style=\"width: 310px\" class=\"wp-caption alignleft\"><img aria-describedby=\"caption-attachment-32\" decoding=\"async\" loading=\"lazy\" class=\"wp-image-32 size-medium\" src=\"http:\/\/home.kaninchenversteigerung.de\/wp-content\/uploads\/2018\/08\/bundesschau1-300x200.jpg\" alt=\"\" width=\"300\" height=\"200\" srcset=\"http:\/\/home.kaninchenversteigerung.de\/wp-content\/uploads\/2018\/08\/bundesschau1-300x200.jpg 300w, http:\/\/home.kaninchenversteigerung.de\/wp-content\/uploads\/2018\/08\/bundesschau1.jpg 600w\" sizes=\"(max-width: 300px) 100vw, 300px\" \/><p id=\"caption-attachment-32\" class=\"wp-caption-text\">Scheck\u00fcbergabe auf der Bundeskaninchenschau 2017 in Leipzig<\/p><\/div>\n<p>Alle Rekorde brach die Kaninchenversteigerung zur Bundeskaninchenschau 2017 in Leipzig. Ganze 11.000 \u20ac aus 128 Auktionen und einer aufrundenden Spende durch den ZDRK, konnten an die Organisationen Kinderherzkammer e.V. Leipzig und Sonnenstrahl e.V. Dresden \u00fcberreicht werden.<\/p>\n<p>Wir m\u00f6chten uns an dieser Stelle noch einmal herzlich bei allen Teilnehmern und Mitwirkenden bedanken. Bei so einer Aktion m\u00fcssen alle an einem Strang ziehen und das ist nun bei jeder der bereits durchgef\u00fchrten Auktionen geschehen. DANKE!<\/p>\n<h2>Highlights<\/h2>\n<p>Wir k\u00f6nnen inzwischen auf viele erfolgreiche Kaninchenauktionen zur\u00fcck blicken und jede dieser Auktionen hatte ihre eigenen H\u00f6hepunkte.<\/p>\n<h3>2011<\/h3>\n<p>Zum 1. Mal fiel in den Internetportalen f\u00fcr Rassekaninchenzucht im Jahr 2011 der Hammer. Ein erster H\u00f6hepunkt war die hohe Anteilnahme an der 1. Kaninchenauktion. Neben zahlreichen Futterspenden wurden insgesamt 25 Rassekaninchen zur Versteigerung zur Verf\u00fcgung gestellt. Den Vogel abgeschossen hatte dabei ein Hotot-Kaninchen, welches einen Erl\u00f6s von 251,00 \u20ac erzielen konnte.<\/p>\n<h3>2012<\/h3>\n<p>Zum 2. Mal fiel der Hammer im Jahr 2012. Insgesamt wurden 60 Rassekaninchen f\u00fcr einen guten Zweck versteigert. Das h\u00f6chste Einzelgebot erhielt ein \u201eBlauer Wiener\u201c von Leo Br\u00fcmmer der f\u00fcr 260\u20ac den Besitzer wechselte.<\/p>\n<h3>2013<\/h3>\n<p><img decoding=\"async\" loading=\"lazy\" class=\"bild_text alignleft\" src=\"http:\/\/kaninchenversteigerung.de\/images\/kaninchenuebergabe.jpg\" alt=\"Kaninchenauktion 2013 Rekordergebnisse\" width=\"554\" height=\"399\" \/>Ein riesiger Erfolg wurde mit der 3. Kaninchenauktion im Jahr 2013 erreicht. Ein Zwergwidder in wei\u00df wechselte f\u00fcr die Rekordsumme von 650 Euro den Besitzer! Ein Deutscher Riese in wildfarben wechselte f\u00fcr 288 Euro den Besitzer und konnte damit ebenfalls den Rekord der letzten beiden Auktionen brechen.<\/p>\n<p>Fast ein halbes Jahr nach der Auktion 2013 erreichte das Team noch eine Nachricht, welche einen weiteren H\u00f6hepunkt darstellt. Ein Auktionsteilnehmer teilte dem Team mit, dass sein Arbeitgeber den Erl\u00f6s des von ihm zur Verf\u00fcgung gestellten Tieres verdoppeln m\u00f6chte.So konnte noch einmal die gleiche Summe an den Kinderhospizdienst Karlsruhe \u00fcberwiesen werden.<\/p>\n<p>Auch bei der kommenden Auktion 2014 wird von dem betreffenden Zuchtfreund ein Tier gespendet und sein Arbeitgeber wird den Erl\u00f6s wiederholt verdoppeln! Wir m\u00f6chten dem spendablen Arbeitgeber an dieser Stelle unseren herzlichsten Dank aussprechen!<\/p>\n<h3>2014<\/h3>\n<p>Bei der 4. Kaninchenauktion, die im Jahr 2014\/15 anl\u00e4sslich der Bundesrammlerschau in Ulm statt fand, wurde ein Erl\u00f6s von 4611,26 \u20ac erzielt. Dieser wurde vom ZDRK auf 5000,00 \u20ac aufgerundet. Das ist die h\u00f6chste Summe, die wir jemals spenden konnten. Herzlichen Dank!<\/p>\n<h3>2015<\/h3>\n<p>Auch unsere 5. Auktion zur Bundeskaninchenschau in Kassel war von Erfolg gekr\u00f6nt. Online haben wir wieder eine Summe von 3000,00 \u20ac sammeln k\u00f6nnen. Danke an alle Spender.<\/p>\n<h3>2016<\/h3>\n<p>Unsere 6. Kaninchenauktion 2016\/2017 , die zur Bundesrammlerschau in Erfurt, stattfand, war ebenfalls von Erfolg gekr\u00f6nt. Es wurden 2500,00 \u20ac gespendet.<\/p>\n<h3>2017<\/h3>\n<p>Die Kaninchenversteigerung zur Bundeskaninchenschau 2017 in Leipzig war die erfolgreichste Kaninchenversteigerung, die jemals stattfand. Eine hohe Summe von 11.000 \u20ac aus 128 Auktionen und einer aufrundenden Spende durch den ZDRK, wurden in Leipzig die Organisationen Kinderherzkammer e.V. Leipzig und Sonnenstrahl e.V. Dresden \u00fcberreicht.<\/p>\n<p>&nbsp;<\/p>\n","protected":false},"excerpt":{"rendered":"<p>Im Jahr 2011 startete das Projekt &#8222;Kaninchenauktion &#8211; Kaninchenz\u00fcchter spenden f\u00fcr schwer kranke Kinder&#8220;.Die Idee eine Auktion im Rahmen einer Gro\u00dfschau zu veranstalten, hatte der Z\u00fcchter Bernhard Gluttig. Bernhard Glutting\u00a0 war derzeit frischgebackener Vater eines gesunden Sohnes geworden. Da er wusste, dass dies nicht selbstverst\u00e4ndlich war, \u00fcberlegte er sich, was er Gutes tun kann. So <a class=\"more-link\" href=\"http:\/\/home.kaninchenversteigerung.de\/?page_id=31\">weiterlesen&#8230;<\/a><\/p>\n","protected":false},"author":1,"featured_media":172,"parent":26,"menu_order":0,"comment_status":"closed","ping_status":"closed","template":"","meta":{"footnotes":""},"_links":{"self":[{"href":"http:\/\/home.kaninchenversteigerung.de\/index.php?rest_route=\/wp\/v2\/pages\/31"}],"collection":[{"href":"http:\/\/home.kaninchenversteigerung.de\/index.php?rest_route=\/wp\/v2\/pages"}],"about":[{"href":"http:\/\/home.kaninchenversteigerung.de\/index.php?rest_route=\/wp\/v2\/types\/page"}],"author":[{"embeddable":true,"href":"http:\/\/home.kaninchenversteigerung.de\/index.php?rest_route=\/wp\/v2\/users\/1"}],"replies":[{"embeddable":true,"href":"http:\/\/home.kaninchenversteigerung.de\/index.php?rest_route=%2Fwp%2Fv2%2Fcomments&post=31"}],"version-history":[{"count":8,"href":"http:\/\/home.kaninchenversteigerung.de\/index.php?rest_route=\/wp\/v2\/pages\/31\/revisions"}],"predecessor-version":[{"id":169,"href":"http:\/\/home.kaninchenversteigerung.de\/index.php?rest_route=\/wp\/v2\/pages\/31\/revisions\/169"}],"up":[{"embeddable":true,"href":"http:\/\/home.kaninchenversteigerung.de\/index.php?rest_route=\/wp\/v2\/pages\/26"}],"wp:featuredmedia":[{"embeddable":true,"href":"http:\/\/home.kaninchenversteigerung.de\/index.php?rest_route=\/wp\/v2\/media\/172"}],"wp:attachment":[{"href":"http:\/\/home.kaninchenversteigerung.de\/index.php?rest_route=%2Fwp%2Fv2%2Fmedia&parent=31"}],"curies":[{"name":"wp","href":"https:\/\/api.w.org\/{rel}","templated":true}]}}