{"id":298,"date":"2023-10-03T21:17:39","date_gmt":"2023-10-03T21:17:39","guid":{"rendered":"http:\/\/home.kaninchenversteigerung.de\/?page_id=298"},"modified":"2023-10-03T21:47:04","modified_gmt":"2023-10-03T21:47:04","slug":"auktion-2023","status":"publish","type":"page","link":"http:\/\/home.kaninchenversteigerung.de\/?page_id=298","title":{"rendered":"Auktion 2023"},"content":{"rendered":"\n<p>Liebe Freunde der Rassekaninchenzucht,<\/p>\n\n\n\n<p>auch in diesem Jahr veranstalten wir im Rahmen der Bundeskaninchenschau, die am 16. + 17.12.2023 in Leipzig stattfinden wird, wieder eine Kaninchenauktion. <\/p>\n\n\n\n<p><strong>Unsere diesj\u00e4hrige Auktion wird darum ab dem 01.11.2023 starten.<\/strong><\/p>\n\n\n\n<p><em>Anders als in den letzten beiden Jahren, wird der gesamte Erl\u00f6s der Versteigerung gespendet!<\/em><\/p>\n\n\n\n<p>In diesem Jahr unterst\u00fctzen wir das Kinderhospiz &#8222;B\u00e4renherz Leipzig e.V.&#8220;.<\/p>\n\n\n\n<p class=\"has-text-color\" style=\"color:#b90000\"><strong>Macht alle mit und zaubert schwer kranken Kindern und ihren Familien ein L\u00e4cheln ins Gesicht! Jeder Cent z\u00e4hlt und hilft dabei, die Betroffenen Familien und ihre Kinder fachgerecht zu betreuen.<\/strong><\/p>\n\n\n\n<h2 class=\"wp-block-heading\">Kaninchenz\u00fcchter helfen schwer kranken Kindern<\/h2>\n\n\n\n<p><strong><em>Auktionszeitraum: 01.11.2023 \u2013 03.12.2023 unter www.kaninchenversteigerung.de<\/em><\/strong><\/p>\n\n\n\n<p>Vor mehr als 10 Jahren wurde die Kaninchenauktion unter dem Motto &#8222;Kaninchenz\u00fcchter spenden f\u00fcr schwer kranke Kinder&#8220; ins Leben gerufen.<\/p>\n\n\n\n<p>Wir m\u00f6chten mit dieser Auktion dazu beitragen, schwer kranken Kindern ein L\u00e4cheln in ihre Gesichter zu zaubern. Jedes Jahr unterst\u00fctzen wir im Rahmen einer gro\u00dfen Kaninchenschau, wie z.B. der Bundeskaninchenschau oder der Bundesrammlerschau, regionale Organisationen.<\/p>\n\n\n\n<p>Die Auktion selbst findet ca. 1-2 Monate vor der jeweiligen Gro\u00dfschau statt. In den zur\u00fcck- liegenden Auktionen haben sehr viele bekannte Rassekaninchenz\u00fcchter Tiere gespendet.<\/p>\n\n\n\n<p>F\u00fcr die Bundesschau in Leipzig ist nun ebenfalls eine Rassekaninchenauktion geplant. Die Vorbereitungen f\u00fcr die diesj\u00e4hrige Auktion laufen derzeit auf Hochtouren. Die offizielle Internetpr\u00e4sentation mit allen wichtigen Informationen zur Versteigerung und weitere Werbemittel zur diesj\u00e4hrigen Auktion stehen ab sofort unter www.kaninchenversteigerung.de zum Download bereit.<\/p>\n\n\n\n<p>Die Kaninchenversteigerung findet dieses Mal im Rahmen der 36. Bundeskaninchenschau statt. Diese wird am 16. und 17. Dezember 2023 vom Landesverband der S\u00e4chsischen Rassekaninchenz\u00fcchter e.V., in Leipzig ausgerichtet. K\u00e4fige f\u00fcr die ersteigerten Tiere werden auf der Bundesschau bereitstehen.<\/p>\n\n\n\n<p>Die Auktion selbst l\u00e4uft vom 01.11.2023 \u2013 03.12.2023 unter folgender Internetadresse:<\/p>\n\n\n\n<p><a href=\"http:\/\/www.kaninchenversteigerung.de\/Auktion\/Unsere-Startseite\">http:\/\/www.kaninchenversteigerung.de\/Auktion\/Unsere-Startseite<\/a><\/p>\n\n\n\n<div style=\"height:36px\" aria-hidden=\"true\" class=\"wp-block-spacer\"><\/div>\n\n\n\n<p class=\"has-text-color\" style=\"color:#11470b;font-size:19px\"><strong>Unterst\u00fctzen m\u00f6chten wir mit der diesj\u00e4hrigen Auktion:<\/strong><\/p>\n\n\n\n<p style=\"font-size:24px\"><strong>Das Kinderhospiz &#8222;B\u00e4renherz Leipzig e.V.&#8220;<\/strong><\/p>\n\n\n\n<figure class=\"wp-block-image size-large is-resized\"><img decoding=\"async\" loading=\"lazy\" src=\"http:\/\/home.kaninchenversteigerung.de\/wp-content\/uploads\/2023\/10\/logo-baerenherz-1024x461.png\" alt=\"\" class=\"wp-image-302\" style=\"width:308px;height:139px\" width=\"308\" height=\"139\" srcset=\"http:\/\/home.kaninchenversteigerung.de\/wp-content\/uploads\/2023\/10\/logo-baerenherz-1024x461.png 1024w, http:\/\/home.kaninchenversteigerung.de\/wp-content\/uploads\/2023\/10\/logo-baerenherz-300x135.png 300w, http:\/\/home.kaninchenversteigerung.de\/wp-content\/uploads\/2023\/10\/logo-baerenherz-768x346.png 768w, http:\/\/home.kaninchenversteigerung.de\/wp-content\/uploads\/2023\/10\/logo-baerenherz.png 1092w\" sizes=\"(max-width: 308px) 100vw, 308px\" \/><\/figure>\n\n\n\n<h2 class=\"wp-block-heading has-white-color has-text-color\"><strong>Das Kinderhospiz \u201eB\u00e4renherz Leipzig e.V.\u201c<\/strong><\/h2>\n\n\n\n<h2 class=\"wp-block-heading has-text-color has-normal-font-size\" style=\"color:#ff5700\">\u00dcber das Kinderhospiz B\u00e4renherz Leipzig<\/h2>\n\n\n\n<p>Das Kinderhospiz \u201eB\u00e4renherz Leipzig e.V. ist das einzige station\u00e4re Kinderhospiz Sachsens. B\u00e4renherz begleitet Familien mit unheilbar kranken Kindern ab der Diagnosestellung bis \u00fcber den Tod hinaus. Wenn ein Kind schwerstkrank geboren wird oder bereits im Kindesalter oder in der Jugend eine unheilbare Krankheit diagnostiziert wird, \u00e4ndert sich das Leben der betroffenen Familien schlagartig. Von der Diagnose bis hin zum Tod des Kindes vergehen oft Monate und Jahre. Das Kinderhospiz \u201eB\u00e4renherz Leipzig e.V\u201c unterst\u00fctz die betroffenen Familien mit einem umfassenden Pflege- und Betreuungsangebot. \u00dcber 80 Mitarbeiterinnen und Mitarbeiter vor allem im pflegerischen, psychosozialen und therapeutischen Bereich k\u00fcmmern sich hier rund um die Uhr, ganzheitlich, liebevoll und kompetent um die schwer kranken Kinder und ihre Familien.<\/p>\n\n\n\n<p>Keine Familie mit einem schwer kranken Kind soll ihren Weg allein gehen m\u00fcssen! Das ist die Vision von B\u00e4renherz. Aber dazu werden Spenden dringend ben\u00f6tigt, denn die Kosten f\u00fcr Pflege, Unterkunft, Versorgung und psychosoziale Therapien werden nur zu einem Teil und nur bis zum Tod des Kindes von den Krankenkassen gedeckt. Staatliche Zusch\u00fcsse erh\u00e4lt das Kinderhospiz nicht.<\/p>\n\n\n\n<p>Mehr \u00fcber das Kinderhospiz: <a href=\"https:\/\/www.baerenherz-leipzig.de\/\">https:\/\/www.baerenherz-leipzig.de\/<\/a><\/p>\n\n\n\n<p>Facebook: https:\/\/www.facebook.com\/KinderhospizBaerenherzLeipzig<\/p>\n\n\n\n<p>Mit unserer Kaninchen-Auktion 2023 m\u00f6chten wir das Kinderhospiz \u201eB\u00e4renherz Leipzig e.V.\u201c unterst\u00fctzen. Der gesamte Erl\u00f6s aus der Kaninchen-Auktion 2023 wird anders als wie in den vergangenen Jahren wieder komplett gespendet.<\/p>\n\n\n\n<p>Die aktuellen Neuigkeiten zu der Kaninchenauktion 2023, eine Anleitung, wie Sie Tiere zur Auktion einstellen k\u00f6nnen und vieles mehr erfahren Sie unter www.kaninchenversteigerung.de oder im Rassekaninchenzuchtforum unter&nbsp;<a href=\"http:\/\/www.rkz-forum.de\/\" target=\"_blank\" rel=\"noreferrer noopener\">www.rkz-forum.de<\/a> und auch auf den Internetseiten der Bundesschau 2023 in Leipzig unter:<\/p>\n\n\n\n<p><a href=\"https:\/\/www.bundesschau2023.de\/\">https:\/\/www.bundesschau2023.de\/<\/a><\/p>\n","protected":false},"excerpt":{"rendered":"<p>Liebe Freunde der Rassekaninchenzucht, auch in diesem Jahr veranstalten wir im Rahmen der Bundeskaninchenschau, die am 16. + 17.12.2023 in Leipzig stattfinden wird, wieder eine Kaninchenauktion. Unsere diesj\u00e4hrige Auktion wird darum ab dem 01.11.2023 starten. Anders als in den letzten beiden Jahren, wird der gesamte Erl\u00f6s der Versteigerung gespendet! In diesem Jahr unterst\u00fctzen wir das <a class=\"more-link\" href=\"http:\/\/home.kaninchenversteigerung.de\/?page_id=298\">weiterlesen&#8230;<\/a><\/p>\n","protected":false},"author":1,"featured_media":310,"parent":0,"menu_order":0,"comment_status":"closed","ping_status":"closed","template":"","meta":{"footnotes":""},"_links":{"self":[{"href":"http:\/\/home.kaninchenversteigerung.de\/index.php?rest_route=\/wp\/v2\/pages\/298"}],"collection":[{"href":"http:\/\/home.kaninchenversteigerung.de\/index.php?rest_route=\/wp\/v2\/pages"}],"about":[{"href":"http:\/\/home.kaninchenversteigerung.de\/index.php?rest_route=\/wp\/v2\/types\/page"}],"author":[{"embeddable":true,"href":"http:\/\/home.kaninchenversteigerung.de\/index.php?rest_route=\/wp\/v2\/users\/1"}],"replies":[{"embeddable":true,"href":"http:\/\/home.kaninchenversteigerung.de\/index.php?rest_route=%2Fwp%2Fv2%2Fcomments&post=298"}],"version-history":[{"count":6,"href":"http:\/\/home.kaninchenversteigerung.de\/index.php?rest_route=\/wp\/v2\/pages\/298\/revisions"}],"predecessor-version":[{"id":320,"href":"http:\/\/home.kaninchenversteigerung.de\/index.php?rest_route=\/wp\/v2\/pages\/298\/revisions\/320"}],"wp:featuredmedia":[{"embeddable":true,"href":"http:\/\/home.kaninchenversteigerung.de\/index.php?rest_route=\/wp\/v2\/media\/310"}],"wp:attachment":[{"href":"http:\/\/home.kaninchenversteigerung.de\/index.php?rest_route=%2Fwp%2Fv2%2Fmedia&parent=298"}],"curies":[{"name":"wp","href":"https:\/\/api.w.org\/{rel}","templated":true}]}}