{"id":26,"date":"2018-08-11T20:15:57","date_gmt":"2018-08-11T20:15:57","guid":{"rendered":"http:\/\/home.kaninchenversteigerung.de\/?page_id=26"},"modified":"2018-08-24T21:32:26","modified_gmt":"2018-08-24T21:32:26","slug":"ueber-die-auktion","status":"publish","type":"page","link":"http:\/\/home.kaninchenversteigerung.de\/?page_id=26","title":{"rendered":"\u00dcber die Auktion"},"content":{"rendered":"<p>Vom 27.11.2011\u00a0bis zum 04.12.2011 fand im Rahmen der Bundeskaninchenschau in Erfurt die erste Kaninchenauktion statt. Mehr als 25 Rassekaninchen wechselten bei der ersten Auktion ihren Besitzer.<\/p>\n<p>Das die Auktion einmal so hohen Anklang bei der Z\u00fcchterschaft finden w\u00fcrde, h\u00e4tte sich niemand der Organisatoren tr\u00e4umen lassen.<\/p>\n<p>Bei der 1. Kaninchenaukton 2011 wurden gleich zwei Organisationen unterst\u00fctzt, zum einen die Deutsche Kinderkrebshilfe mit 1450 Euro und zum anderen an die Stiftung &#8222;Kinderhospiz Mitteldeutschland Nordhausen e.V.&#8220;.<\/p>\n<p>Die Kaninchenauktion an sich funktioniert denkbar einfach. Verschiedene Rassekaninchen werden von vielen Rassekaninchenz\u00fcchtern aus ganz Deutschland zur Verf\u00fcgung gestellt und andere Z\u00fcchter bieten auf die Tiere. Der Erl\u00f6s aus den Auktionen wird auf ein Spendenkonto \u00fcberwiesen und dann in feierlicher Runde von den Organisatoren als sinbildlicher Scheck an die zu unterst\u00fctzende Organisation \u00fcbergeben.<\/p>\n<p>Das gesamte Auktionsteam w\u00fcrde sich freuen, wenn auch bei den kommenden Auktionen wieder eine Organisation, welche sich um schwer kranke Kinder bem\u00fcht, unterst\u00fctzt werden k\u00f6nnte. Tieranmeldungen k\u00f6nnen zu jeder Zeit \u00fcber diese Homepage angek\u00fcndigt werden. Auf Wunsch \u00fcbernehmen wir als Organisatoren auch das Einstellen der Tiere im Auktionsportal.<\/p>\n","protected":false},"excerpt":{"rendered":"<p>Vom 27.11.2011\u00a0bis zum 04.12.2011 fand im Rahmen der Bundeskaninchenschau in Erfurt die erste Kaninchenauktion statt. Mehr als 25 Rassekaninchen wechselten bei der ersten Auktion ihren Besitzer. Das die Auktion einmal so hohen Anklang bei der Z\u00fcchterschaft finden w\u00fcrde, h\u00e4tte sich niemand der Organisatoren tr\u00e4umen lassen. Bei der 1. Kaninchenaukton 2011 wurden gleich zwei Organisationen unterst\u00fctzt, <a class=\"more-link\" href=\"http:\/\/home.kaninchenversteigerung.de\/?page_id=26\">weiterlesen&#8230;<\/a><\/p>\n","protected":false},"author":1,"featured_media":108,"parent":0,"menu_order":0,"comment_status":"closed","ping_status":"closed","template":"","meta":{"footnotes":""},"_links":{"self":[{"href":"http:\/\/home.kaninchenversteigerung.de\/index.php?rest_route=\/wp\/v2\/pages\/26"}],"collection":[{"href":"http:\/\/home.kaninchenversteigerung.de\/index.php?rest_route=\/wp\/v2\/pages"}],"about":[{"href":"http:\/\/home.kaninchenversteigerung.de\/index.php?rest_route=\/wp\/v2\/types\/page"}],"author":[{"embeddable":true,"href":"http:\/\/home.kaninchenversteigerung.de\/index.php?rest_route=\/wp\/v2\/users\/1"}],"replies":[{"embeddable":true,"href":"http:\/\/home.kaninchenversteigerung.de\/index.php?rest_route=%2Fwp%2Fv2%2Fcomments&post=26"}],"version-history":[{"count":1,"href":"http:\/\/home.kaninchenversteigerung.de\/index.php?rest_route=\/wp\/v2\/pages\/26\/revisions"}],"predecessor-version":[{"id":27,"href":"http:\/\/home.kaninchenversteigerung.de\/index.php?rest_route=\/wp\/v2\/pages\/26\/revisions\/27"}],"wp:featuredmedia":[{"embeddable":true,"href":"http:\/\/home.kaninchenversteigerung.de\/index.php?rest_route=\/wp\/v2\/media\/108"}],"wp:attachment":[{"href":"http:\/\/home.kaninchenversteigerung.de\/index.php?rest_route=%2Fwp%2Fv2%2Fmedia&parent=26"}],"curies":[{"name":"wp","href":"https:\/\/api.w.org\/{rel}","templated":true}]}}