{"id":224,"date":"2020-11-08T20:56:28","date_gmt":"2020-11-08T20:56:28","guid":{"rendered":"http:\/\/home.kaninchenversteigerung.de\/?page_id=224"},"modified":"2020-11-08T21:40:25","modified_gmt":"2020-11-08T21:40:25","slug":"auktion-2020","status":"publish","type":"page","link":"http:\/\/home.kaninchenversteigerung.de\/?page_id=224","title":{"rendered":"Auktion 2020"},"content":{"rendered":"<p>Unsere Kaninchen-Auktion 2020 findet aufgrund der Corona-Pandemie anders als in den vergangenen Jahren statt. Nahezu alle Kaninchenschauen wurden wegen der stetig steigenden Infektionszahlen abgesagt, so auch die Bundes-Rammlerschau in Ulm. Wir m\u00f6chten trotzdem helfen, denn in dieser schweren Zeit ist dieses besonders wichtig.<br \/>\nWir m\u00f6chten sowohl eine Hilfsorganisation unterst\u00fctzen, als auch die Rassekaninchenz\u00fcchter selbst.<\/p>\n<p>Aufgrund ausgefallener Schauen und den damit verbundenen schlechteren Kauf- und Verkaufsm\u00f6glichkeiten, haben wir uns gedacht, unseren Z\u00fcchtern mit der Kaninchenversteigerung eine Plattform f\u00fcr den Kauf- und Verkauf neuer Zuchttiere zu bieten und gleichzeitig aber wie gewohnt eine Hilfsorganisation zu unterst\u00fctzen.<\/p>\n<p>80 % des Erl\u00f6ses gehen an den jeweiligen Z\u00fcchter, der ein Tier zur Verf\u00fcgung stellt, 20 % des Erl\u00f6ses werden gespendet. In diesem Jahr m\u00f6chten wir die <a href=\"https:\/\/www.makeawish.de\/\" target=\"_blank\" rel=\"noopener\">Organisation Make-A-Wish Deutschland<\/a> unterst\u00fctzen. Diese Organisation erf\u00fcllt schwer kranken Kindern ihre Herzensw\u00fcnsche. Ob es nun kleine W\u00fcnsche sind, wie einen Tag im Legoland zu erleben oder ein gro\u00dfer Wunsch, wie z.B. seinen Lieblingsstar zu treffen, Make-A-Wish versucht die W\u00fcnsche der Kinder mit Spendengeldern zu erf\u00fcllen.<\/p>\n<p>Da es leider keine Bundesrammlerschau zur \u00dcbergabe der Kaninchen gibt, m\u00fcssen K\u00e4ufer- und Verk\u00e4ufer die \u00dcbergabe selbst organisieren. Als Partner steht uns der &#8222;Tierversand24&#8220; zur Verf\u00fcgung. Jeder, der ein Rassekaninchen ersteigert, bekommt von &#8222;Tierversand24&#8220; einen Gutscheincode \u00fcber 5% Rabatt f\u00fcr den Versand des Tieres.<\/p>\n<p>Macht alle mit und helft uns schwer kranken Kindern ein L\u00e4cheln ins Gesicht zu zaubern.<\/p>\n<p>Helft uns auch, unser sch\u00f6nes Hobby trotz Corona-Pandemie und ausfallender Schauen weiterleben zu lassen. Erm\u00f6glicht es den Z\u00fcchterinnen und Z\u00fcchtern noch an neue Zuchttiere heranzukommen. Mit jeder Auktion helft Ihr somit doppelt!<\/p>\n<p>Wir w\u00fcrden uns sehr freuen, wenn viele Z\u00fcchterinnen und Z\u00fcchter an unserer Kaninchen-Auktion 2020\/21 teilnehmen w\u00fcrden.<\/p>\n<h3>Kaninchenversteigerung 2020<\/h3>\n<p class=\"text\">Die aktuellen Neuigkeiten zur Kaninchenauktion 2020, erfahren Sie immer hier oder im Rassekaninchenzuchtforum unter\u00a0<a class=\"kleinerlink customize-unpreviewable\" title=\"Rassekaninchenzuchtforum Kaninchenforum\" href=\"http:\/\/www.rkz-forum.de\/\" target=\"_blank\" rel=\"noopener\">www.rkz-forum.de<\/a>.<\/p>\n<h4 class=\"text\"><span class=\"text_orange\">Helfen Sie mit!<\/span><\/h4>\n<p>Wir bitten Sie, auch die diesj\u00e4hrige Auktion zu einem vollen Erfolg werden zu lassen. Stellen Sie Kaninchen, Kaninchenzubeh\u00f6r oder Futter und stellen Sie es online zur Auktion bereit.<\/p>\n<p>Wenn Sie Hilfe dabei ben\u00f6tigen, sind wir \u00fcber das Kontaktformular unter:<br \/>\n<a href=\"http:\/\/www.kaninchenversteigerung.de\">www.kaninchenversteigerung.de<\/a> immer f\u00fcr Sie erreichbar. Entsprechende Anleitungen zur Teilnahme an der Auktion, stehen selbstverst\u00e4ndlich ebenfalls dort f\u00fcr Sie bereit.<\/p>\n<h5 class=\"text\">Wir m\u00f6chten mit der Auktion dazu beitragen, dass hilfebed\u00fcrftigen Kindern ein L\u00e4cheln ins Gesicht gezaubert wird. Jeder Cent hilft!<br \/>\n<span class=\"text_orange\"><br \/>\nSo k\u00f6nnen Sie mitmachen:<\/span><\/h5>\n<p><strong>Melden Sie sich kostenlos unter:<\/strong><\/p>\n<p><a class=\"kleinerlink customize-unpreviewable\" href=\"http:\/\/www.kaninchenversteigerung.de\/Auktion\/index.php\">www.kaninchenversteigerung.de\/Auktion<\/a><\/p>\n<p>an und stellen Sie Ihre Kaninchen, Kaninchenfutter, Zubeh\u00f6r und \u00c4hnliches zur Versteigerung ein oder ersteigern Sie die Rassekaninchen erfolgreicher Z\u00fcchter.<\/p>\n<p class=\"text\">Wir w\u00fcrden uns sehr freuen, wenn sich m\u00f6glichst viele Spender und Bieter finden lassen w\u00fcrden. Die aktuellen Neuigkeiten zu der Kaninchenauktion 2020, erfahren Sie immer \u00fcber unser Forum unter\u00a0<a class=\"kleinerlink\" href=\"http:\/\/www.rkz-forum.de\/forum-rkz\/forum\/index.php?page=Portal\">www.rkz\u2010forum.de<\/a>\u00a0und auf unserer\u00a0<a class=\"kleinerlink\" href=\"https:\/\/www.facebook.com\/Rassekaninchenzuchtforum-244328782291542\/\">Facebook\u2010Seite<\/a>, sowie in den verschiedenen Facebook\u2010 Gruppen, die sich mit dem Thema Kaninchen besch\u00e4ftigen.<\/p>\n<p class=\"text\">Ebenso beteiligen sich der ZDRK, die Kaninchenzeitung und die Kleintiernews\u2010 Faszination Rassekaninchenzucht an der Versteigerung.<br \/>\nDiese werden \u00fcber die Kaninchenauktion berichten und sie durch Werbung unterst\u00fctzen.<\/p>\n<p class=\"text\">Helfen auch Sie mit, jeder Cent z\u00e4hlt!<\/p>\n<p class=\"text\">Ihr RKZ\u2010Team<\/p>\n<p class=\"text\">\u2010 F\u00f6rderverein Rassekaninchenzuchtforum e.V.\u2010<\/p>\n<p>&nbsp;<\/p>\n","protected":false},"excerpt":{"rendered":"<p>Unsere Kaninchen-Auktion 2020 findet aufgrund der Corona-Pandemie anders als in den vergangenen Jahren statt. Nahezu alle Kaninchenschauen wurden wegen der stetig steigenden Infektionszahlen abgesagt, so auch die Bundes-Rammlerschau in Ulm. Wir m\u00f6chten trotzdem helfen, denn in dieser schweren Zeit ist dieses besonders wichtig. Wir m\u00f6chten sowohl eine Hilfsorganisation unterst\u00fctzen, als auch die Rassekaninchenz\u00fcchter selbst. Aufgrund <a class=\"more-link\" href=\"http:\/\/home.kaninchenversteigerung.de\/?page_id=224\">weiterlesen&#8230;<\/a><\/p>\n","protected":false},"author":1,"featured_media":230,"parent":0,"menu_order":0,"comment_status":"closed","ping_status":"closed","template":"","meta":{"footnotes":""},"_links":{"self":[{"href":"http:\/\/home.kaninchenversteigerung.de\/index.php?rest_route=\/wp\/v2\/pages\/224"}],"collection":[{"href":"http:\/\/home.kaninchenversteigerung.de\/index.php?rest_route=\/wp\/v2\/pages"}],"about":[{"href":"http:\/\/home.kaninchenversteigerung.de\/index.php?rest_route=\/wp\/v2\/types\/page"}],"author":[{"embeddable":true,"href":"http:\/\/home.kaninchenversteigerung.de\/index.php?rest_route=\/wp\/v2\/users\/1"}],"replies":[{"embeddable":true,"href":"http:\/\/home.kaninchenversteigerung.de\/index.php?rest_route=%2Fwp%2Fv2%2Fcomments&post=224"}],"version-history":[{"count":6,"href":"http:\/\/home.kaninchenversteigerung.de\/index.php?rest_route=\/wp\/v2\/pages\/224\/revisions"}],"predecessor-version":[{"id":242,"href":"http:\/\/home.kaninchenversteigerung.de\/index.php?rest_route=\/wp\/v2\/pages\/224\/revisions\/242"}],"wp:featuredmedia":[{"embeddable":true,"href":"http:\/\/home.kaninchenversteigerung.de\/index.php?rest_route=\/wp\/v2\/media\/230"}],"wp:attachment":[{"href":"http:\/\/home.kaninchenversteigerung.de\/index.php?rest_route=%2Fwp%2Fv2%2Fmedia&parent=224"}],"curies":[{"name":"wp","href":"https:\/\/api.w.org\/{rel}","templated":true}]}}